{"id":39,"date":"2026-04-08T14:36:52","date_gmt":"2026-04-08T14:36:52","guid":{"rendered":"https:\/\/ptobella.santcugatesn.com\/?page_id=39"},"modified":"2026-04-18T10:29:25","modified_gmt":"2026-04-18T10:29:25","slug":"sobre-nosotros","status":"publish","type":"page","link":"https:\/\/ptobella.santcugatesn.com\/?page_id=39","title":{"rendered":"SOBRE NOSALTRES"},"content":{"rendered":"\n<p><\/p>\n\n\n\n<div class=\"wp-block-media-text is-stacked-on-mobile has-primary-background-color has-background\"><figure class=\"wp-block-media-text__media\"><img loading=\"lazy\" decoding=\"async\" width=\"2245\" height=\"1497\" src=\"https:\/\/ptobella.santcugatesn.com\/wp-content\/uploads\/2026\/04\/Diseno-sin-titulo-1-edited.jpg\" alt=\"\" class=\"wp-image-103 size-full\" srcset=\"https:\/\/ptobella.santcugatesn.com\/wp-content\/uploads\/2026\/04\/Diseno-sin-titulo-1-edited.jpg 2245w, https:\/\/ptobella.santcugatesn.com\/wp-content\/uploads\/2026\/04\/Diseno-sin-titulo-1-edited-300x200.jpg 300w, https:\/\/ptobella.santcugatesn.com\/wp-content\/uploads\/2026\/04\/Diseno-sin-titulo-1-edited-1024x683.jpg 1024w, https:\/\/ptobella.santcugatesn.com\/wp-content\/uploads\/2026\/04\/Diseno-sin-titulo-1-edited-768x512.jpg 768w, https:\/\/ptobella.santcugatesn.com\/wp-content\/uploads\/2026\/04\/Diseno-sin-titulo-1-edited-1536x1024.jpg 1536w, https:\/\/ptobella.santcugatesn.com\/wp-content\/uploads\/2026\/04\/Diseno-sin-titulo-1-edited-2048x1366.jpg 2048w, https:\/\/ptobella.santcugatesn.com\/wp-content\/uploads\/2026\/04\/Diseno-sin-titulo-1-edited-600x400.jpg 600w\" sizes=\"auto, (max-width: 2245px) 100vw, 2245px\" \/><\/figure><div class=\"wp-block-media-text__content\">\n<p class=\"has-text-align-center\">A&nbsp;<strong>EPICFITNESS CLUB<\/strong>&nbsp;creiem que entrenar va molt m\u00e9s enll\u00e0 de venir al gimn\u00e0s: \u00e9s cuidar-te, superar-te i formar part d&#8217;una comunitat que et motiva cada dia. Neixem com a gimn\u00e0s independent a Sabadell amb una idea molt clara: oferir un espai modern, proper i accessible on cada persona pugui millorar la seva salut f\u00edsica i mental al seu ritme.<a rel=\"noreferrer noopener\" target=\"_blank\" href=\"https:\/\/ppl-ai-file-upload.s3.amazonaws.com\/web\/direct-files\/attachments\/137057114\/db0625ea-0f03-41ac-a59d-0ce7006be625\/Tobella_Pol-1012-PROJECTE-INDIVIDUAL-Gimnas-16.pdf\"><\/a><\/p>\n\n\n\n<p class=\"has-text-align-center\">La nostra missi\u00f3 \u00e9s <strong>acompanyar-te en el teu proc\u00e9s <\/strong>amb un tracte personal, instal\u00b7lacions de qualitat i un ambient motivador que et faci sentir c\u00f2mode des del primer dia. <a href=\"https:\/\/ppl-ai-file-upload.s3.amazonaws.com\/web\/direct-files\/attachments\/137057114\/db0625ea-0f03-41ac-a59d-0ce7006be625\/Tobella_Pol-1012-PROJECTE-INDIVIDUAL-Gimnas-16.pdf\" target=\"_blank\" rel=\"noreferrer noopener\"><\/a><\/p>\n<\/div><\/div>\n\n\n\n<div class=\"wp-block-media-text has-media-on-the-right is-stacked-on-mobile has-primary-background-color has-background\"><div class=\"wp-block-media-text__content\">\n<p class=\"has-text-align-center\">Disposem d&#8217;un equip <strong>comprom\u00e8s <\/strong>amb el benestar i el rendiment dels nostres socis, preparat per ajudar-te a <strong>assolir els teus objectius de forma segura i efica\u00e7<\/strong>. A m\u00e9s, les nostres instal\u00b7lacions estan dissenyades perqu\u00e8 gaudeixis d&#8217;un entrenament complet, amb zones de fitness, pes lliure i treball funcional, tot en un entorn cuidat i actual.<\/p>\n<\/div><figure class=\"wp-block-media-text__media\"><img loading=\"lazy\" decoding=\"async\" width=\"1024\" height=\"724\" src=\"https:\/\/ptobella.santcugatesn.com\/wp-content\/uploads\/2026\/04\/Diseno-sin-titulo-2-1-1024x724.jpg\" alt=\"\" class=\"wp-image-112 size-full\" srcset=\"https:\/\/ptobella.santcugatesn.com\/wp-content\/uploads\/2026\/04\/Diseno-sin-titulo-2-1-1024x724.jpg 1024w, https:\/\/ptobella.santcugatesn.com\/wp-content\/uploads\/2026\/04\/Diseno-sin-titulo-2-1-300x212.jpg 300w, https:\/\/ptobella.santcugatesn.com\/wp-content\/uploads\/2026\/04\/Diseno-sin-titulo-2-1-768x543.jpg 768w, https:\/\/ptobella.santcugatesn.com\/wp-content\/uploads\/2026\/04\/Diseno-sin-titulo-2-1-1536x1086.jpg 1536w, https:\/\/ptobella.santcugatesn.com\/wp-content\/uploads\/2026\/04\/Diseno-sin-titulo-2-1-2048x1448.jpg 2048w, https:\/\/ptobella.santcugatesn.com\/wp-content\/uploads\/2026\/04\/Diseno-sin-titulo-2-1-600x424.jpg 600w\" sizes=\"auto, (max-width: 1024px) 100vw, 1024px\" \/><\/figure><\/div>\n\n\n\n<h4 class=\"wp-block-heading has-text-align-center\">ELS NOSTRES VALORS<\/h4>\n\n\n\n<div class=\"wp-block-columns is-layout-flex wp-container-core-columns-is-layout-28f84493 wp-block-columns-is-layout-flex\">\n<div class=\"wp-block-column is-layout-flow wp-block-column-is-layout-flow\">\n<div class=\"wp-block-cover\"><img loading=\"lazy\" decoding=\"async\" width=\"819\" height=\"1024\" class=\"wp-block-cover__image-background wp-image-117\" alt=\"\" src=\"https:\/\/ptobella.santcugatesn.com\/wp-content\/uploads\/2026\/04\/Diseno-sin-titulo-3-819x1024.jpg\" data-object-fit=\"cover\" srcset=\"https:\/\/ptobella.santcugatesn.com\/wp-content\/uploads\/2026\/04\/Diseno-sin-titulo-3-819x1024.jpg 819w, https:\/\/ptobella.santcugatesn.com\/wp-content\/uploads\/2026\/04\/Diseno-sin-titulo-3-240x300.jpg 240w, https:\/\/ptobella.santcugatesn.com\/wp-content\/uploads\/2026\/04\/Diseno-sin-titulo-3-768x960.jpg 768w, https:\/\/ptobella.santcugatesn.com\/wp-content\/uploads\/2026\/04\/Diseno-sin-titulo-3-600x750.jpg 600w, https:\/\/ptobella.santcugatesn.com\/wp-content\/uploads\/2026\/04\/Diseno-sin-titulo-3.jpg 1080w\" sizes=\"auto, (max-width: 819px) 100vw, 819px\" \/><span aria-hidden=\"true\" class=\"wp-block-cover__background has-background-dim\"><\/span><div class=\"wp-block-cover__inner-container is-layout-flow wp-block-cover-is-layout-flow\">\n<p class=\"has-text-align-center has-large-font-size\">CONST\u00c0NCIA<\/p>\n<\/div><\/div>\n<\/div>\n\n\n\n<div class=\"wp-block-column is-layout-flow wp-block-column-is-layout-flow\">\n<div class=\"wp-block-cover\"><img loading=\"lazy\" decoding=\"async\" width=\"819\" height=\"1024\" class=\"wp-block-cover__image-background wp-image-122\" alt=\"\" src=\"https:\/\/ptobella.santcugatesn.com\/wp-content\/uploads\/2026\/04\/Diseno-sin-titulo-6-819x1024.jpg\" data-object-fit=\"cover\" srcset=\"https:\/\/ptobella.santcugatesn.com\/wp-content\/uploads\/2026\/04\/Diseno-sin-titulo-6-819x1024.jpg 819w, https:\/\/ptobella.santcugatesn.com\/wp-content\/uploads\/2026\/04\/Diseno-sin-titulo-6-240x300.jpg 240w, https:\/\/ptobella.santcugatesn.com\/wp-content\/uploads\/2026\/04\/Diseno-sin-titulo-6-768x960.jpg 768w, https:\/\/ptobella.santcugatesn.com\/wp-content\/uploads\/2026\/04\/Diseno-sin-titulo-6-600x750.jpg 600w, https:\/\/ptobella.santcugatesn.com\/wp-content\/uploads\/2026\/04\/Diseno-sin-titulo-6.jpg 1080w\" sizes=\"auto, (max-width: 819px) 100vw, 819px\" \/><span aria-hidden=\"true\" class=\"wp-block-cover__background has-background-dim\"><\/span><div class=\"wp-block-cover__inner-container is-layout-flow wp-block-cover-is-layout-flow\">\n<p class=\"has-text-align-center has-large-font-size\">PROFESSIONALITAT<\/p>\n<\/div><\/div>\n<\/div>\n\n\n\n<div class=\"wp-block-column is-layout-flow wp-block-column-is-layout-flow\">\n<div class=\"wp-block-cover\"><img loading=\"lazy\" decoding=\"async\" width=\"819\" height=\"1024\" class=\"wp-block-cover__image-background wp-image-123\" alt=\"\" src=\"https:\/\/ptobella.santcugatesn.com\/wp-content\/uploads\/2026\/04\/Diseno-sin-titulo-7-819x1024.jpg\" data-object-fit=\"cover\" srcset=\"https:\/\/ptobella.santcugatesn.com\/wp-content\/uploads\/2026\/04\/Diseno-sin-titulo-7-819x1024.jpg 819w, https:\/\/ptobella.santcugatesn.com\/wp-content\/uploads\/2026\/04\/Diseno-sin-titulo-7-240x300.jpg 240w, https:\/\/ptobella.santcugatesn.com\/wp-content\/uploads\/2026\/04\/Diseno-sin-titulo-7-768x960.jpg 768w, https:\/\/ptobella.santcugatesn.com\/wp-content\/uploads\/2026\/04\/Diseno-sin-titulo-7-600x750.jpg 600w, https:\/\/ptobella.santcugatesn.com\/wp-content\/uploads\/2026\/04\/Diseno-sin-titulo-7.jpg 1080w\" sizes=\"auto, (max-width: 819px) 100vw, 819px\" \/><span aria-hidden=\"true\" class=\"wp-block-cover__background has-background-dim\"><\/span><div class=\"wp-block-cover__inner-container is-layout-flow wp-block-cover-is-layout-flow\">\n<p class=\"has-text-align-center has-large-font-size\">INNOVACI\u00d3<\/p>\n<\/div><\/div>\n<\/div>\n<\/div>\n\n\n\n<p><\/p>\n","protected":false},"excerpt":{"rendered":"<p>A&nbsp;EPICFITNESS CLUB&nbsp;creiem que entrenar va molt m\u00e9s enll\u00e0 de venir al gimn\u00e0s: \u00e9s cuidar-te, superar-te i formar part d&#8217;una comunitat que et motiva cada dia. Neixem com a gimn\u00e0s independent a Sabadell amb una idea molt clara: oferir un espai modern, proper i accessible on cada persona pugui millorar la seva salut f\u00edsica i mental [&hellip;]<\/p>\n","protected":false},"author":1,"featured_media":0,"parent":0,"menu_order":0,"comment_status":"closed","ping_status":"closed","template":"","meta":{"footnotes":""},"class_list":["post-39","page","type-page","status-publish","hentry"],"yoast_head":"<!-- This site is optimized with the Yoast SEO plugin v26.0 - https:\/\/yoast.com\/wordpress\/plugins\/seo\/ -->\n<title>SOBRE NOSALTRES - EPICFITNESS CLUB<\/title>\n<meta name=\"robots\" content=\"index, follow, max-snippet:-1, max-image-preview:large, max-video-preview:-1\" \/>\n<link rel=\"canonical\" href=\"https:\/\/ptobella.santcugatesn.com\/?page_id=39\" \/>\n<meta property=\"og:locale\" content=\"en_US\" \/>\n<meta property=\"og:type\" content=\"article\" \/>\n<meta property=\"og:title\" content=\"SOBRE NOSALTRES - EPICFITNESS CLUB\" \/>\n<meta property=\"og:description\" content=\"A&nbsp;EPICFITNESS CLUB&nbsp;creiem que entrenar va molt m\u00e9s enll\u00e0 de venir al gimn\u00e0s: \u00e9s cuidar-te, superar-te i formar part d&#8217;una comunitat que et motiva cada dia. Neixem com a gimn\u00e0s independent a Sabadell amb una idea molt clara: oferir un espai modern, proper i accessible on cada persona pugui millorar la seva salut f\u00edsica i mental [&hellip;]\" \/>\n<meta property=\"og:url\" content=\"https:\/\/ptobella.santcugatesn.com\/?page_id=39\" \/>\n<meta property=\"og:site_name\" content=\"EPICFITNESS CLUB\" \/>\n<meta property=\"article:modified_time\" content=\"2026-04-18T10:29:25+00:00\" \/>\n<meta property=\"og:image\" content=\"https:\/\/ptobella.santcugatesn.com\/wp-content\/uploads\/2026\/04\/Diseno-sin-titulo-1-edited.jpg\" \/>\n\t<meta property=\"og:image:width\" content=\"2245\" \/>\n\t<meta property=\"og:image:height\" content=\"1497\" \/>\n\t<meta property=\"og:image:type\" content=\"image\/jpeg\" \/>\n<meta name=\"twitter:card\" content=\"summary_large_image\" \/>\n<meta name=\"twitter:label1\" content=\"Est. reading time\" \/>\n\t<meta name=\"twitter:data1\" content=\"2 minutes\" \/>\n<script type=\"application\/ld+json\" class=\"yoast-schema-graph\">{\"@context\":\"https:\/\/schema.org\",\"@graph\":[{\"@type\":\"WebPage\",\"@id\":\"https:\/\/ptobella.santcugatesn.com\/?page_id=39\",\"url\":\"https:\/\/ptobella.santcugatesn.com\/?page_id=39\",\"name\":\"SOBRE NOSALTRES - EPICFITNESS CLUB\",\"isPartOf\":{\"@id\":\"https:\/\/ptobella.santcugatesn.com\/#website\"},\"primaryImageOfPage\":{\"@id\":\"https:\/\/ptobella.santcugatesn.com\/?page_id=39#primaryimage\"},\"image\":{\"@id\":\"https:\/\/ptobella.santcugatesn.com\/?page_id=39#primaryimage\"},\"thumbnailUrl\":\"https:\/\/ptobella.santcugatesn.com\/wp-content\/uploads\/2026\/04\/Diseno-sin-titulo-1-edited.jpg\",\"datePublished\":\"2026-04-08T14:36:52+00:00\",\"dateModified\":\"2026-04-18T10:29:25+00:00\",\"breadcrumb\":{\"@id\":\"https:\/\/ptobella.santcugatesn.com\/?page_id=39#breadcrumb\"},\"inLanguage\":\"en-US\",\"potentialAction\":[{\"@type\":\"ReadAction\",\"target\":[\"https:\/\/ptobella.santcugatesn.com\/?page_id=39\"]}]},{\"@type\":\"ImageObject\",\"inLanguage\":\"en-US\",\"@id\":\"https:\/\/ptobella.santcugatesn.com\/?page_id=39#primaryimage\",\"url\":\"https:\/\/ptobella.santcugatesn.com\/wp-content\/uploads\/2026\/04\/Diseno-sin-titulo-1-edited.jpg\",\"contentUrl\":\"https:\/\/ptobella.santcugatesn.com\/wp-content\/uploads\/2026\/04\/Diseno-sin-titulo-1-edited.jpg\",\"width\":2245,\"height\":1497},{\"@type\":\"BreadcrumbList\",\"@id\":\"https:\/\/ptobella.santcugatesn.com\/?page_id=39#breadcrumb\",\"itemListElement\":[{\"@type\":\"ListItem\",\"position\":1,\"name\":\"Home\",\"item\":\"https:\/\/ptobella.santcugatesn.com\/\"},{\"@type\":\"ListItem\",\"position\":2,\"name\":\"SOBRE NOSALTRES\"}]},{\"@type\":\"WebSite\",\"@id\":\"https:\/\/ptobella.santcugatesn.com\/#website\",\"url\":\"https:\/\/ptobella.santcugatesn.com\/\",\"name\":\"EPICFITNESS CLUB\",\"description\":\"ENTRENA M\u00c9S FORT, VIU MILLOR CADA DIA EL TEU CANVI COMEN\u00c7A AQU\u00cd!\",\"publisher\":{\"@id\":\"https:\/\/ptobella.santcugatesn.com\/#organization\"},\"potentialAction\":[{\"@type\":\"SearchAction\",\"target\":{\"@type\":\"EntryPoint\",\"urlTemplate\":\"https:\/\/ptobella.santcugatesn.com\/?s={search_term_string}\"},\"query-input\":{\"@type\":\"PropertyValueSpecification\",\"valueRequired\":true,\"valueName\":\"search_term_string\"}}],\"inLanguage\":\"en-US\"},{\"@type\":\"Organization\",\"@id\":\"https:\/\/ptobella.santcugatesn.com\/#organization\",\"name\":\"EPICFITNESS CLUB\",\"url\":\"https:\/\/ptobella.santcugatesn.com\/\",\"logo\":{\"@type\":\"ImageObject\",\"inLanguage\":\"en-US\",\"@id\":\"https:\/\/ptobella.santcugatesn.com\/#\/schema\/logo\/image\/\",\"url\":\"https:\/\/ptobella.santcugatesn.com\/wp-content\/uploads\/2026\/04\/cropped-cropped-logo-EPICFITNESS-CLUB.png\",\"contentUrl\":\"https:\/\/ptobella.santcugatesn.com\/wp-content\/uploads\/2026\/04\/cropped-cropped-logo-EPICFITNESS-CLUB.png\",\"width\":512,\"height\":446,\"caption\":\"EPICFITNESS CLUB\"},\"image\":{\"@id\":\"https:\/\/ptobella.santcugatesn.com\/#\/schema\/logo\/image\/\"}}]}<\/script>\n<!-- \/ Yoast SEO plugin. -->","yoast_head_json":{"title":"SOBRE NOSALTRES - EPICFITNESS CLUB","robots":{"index":"index","follow":"follow","max-snippet":"max-snippet:-1","max-image-preview":"max-image-preview:large","max-video-preview":"max-video-preview:-1"},"canonical":"https:\/\/ptobella.santcugatesn.com\/?page_id=39","og_locale":"en_US","og_type":"article","og_title":"SOBRE NOSALTRES - EPICFITNESS CLUB","og_description":"A&nbsp;EPICFITNESS CLUB&nbsp;creiem que entrenar va molt m\u00e9s enll\u00e0 de venir al gimn\u00e0s: \u00e9s cuidar-te, superar-te i formar part d&#8217;una comunitat que et motiva cada dia. Neixem com a gimn\u00e0s independent a Sabadell amb una idea molt clara: oferir un espai modern, proper i accessible on cada persona pugui millorar la seva salut f\u00edsica i mental [&hellip;]","og_url":"https:\/\/ptobella.santcugatesn.com\/?page_id=39","og_site_name":"EPICFITNESS CLUB","article_modified_time":"2026-04-18T10:29:25+00:00","og_image":[{"width":2245,"height":1497,"url":"https:\/\/ptobella.santcugatesn.com\/wp-content\/uploads\/2026\/04\/Diseno-sin-titulo-1-edited.jpg","type":"image\/jpeg"}],"twitter_card":"summary_large_image","twitter_misc":{"Est. reading time":"2 minutes"},"schema":{"@context":"https:\/\/schema.org","@graph":[{"@type":"WebPage","@id":"https:\/\/ptobella.santcugatesn.com\/?page_id=39","url":"https:\/\/ptobella.santcugatesn.com\/?page_id=39","name":"SOBRE NOSALTRES - EPICFITNESS CLUB","isPartOf":{"@id":"https:\/\/ptobella.santcugatesn.com\/#website"},"primaryImageOfPage":{"@id":"https:\/\/ptobella.santcugatesn.com\/?page_id=39#primaryimage"},"image":{"@id":"https:\/\/ptobella.santcugatesn.com\/?page_id=39#primaryimage"},"thumbnailUrl":"https:\/\/ptobella.santcugatesn.com\/wp-content\/uploads\/2026\/04\/Diseno-sin-titulo-1-edited.jpg","datePublished":"2026-04-08T14:36:52+00:00","dateModified":"2026-04-18T10:29:25+00:00","breadcrumb":{"@id":"https:\/\/ptobella.santcugatesn.com\/?page_id=39#breadcrumb"},"inLanguage":"en-US","potentialAction":[{"@type":"ReadAction","target":["https:\/\/ptobella.santcugatesn.com\/?page_id=39"]}]},{"@type":"ImageObject","inLanguage":"en-US","@id":"https:\/\/ptobella.santcugatesn.com\/?page_id=39#primaryimage","url":"https:\/\/ptobella.santcugatesn.com\/wp-content\/uploads\/2026\/04\/Diseno-sin-titulo-1-edited.jpg","contentUrl":"https:\/\/ptobella.santcugatesn.com\/wp-content\/uploads\/2026\/04\/Diseno-sin-titulo-1-edited.jpg","width":2245,"height":1497},{"@type":"BreadcrumbList","@id":"https:\/\/ptobella.santcugatesn.com\/?page_id=39#breadcrumb","itemListElement":[{"@type":"ListItem","position":1,"name":"Home","item":"https:\/\/ptobella.santcugatesn.com\/"},{"@type":"ListItem","position":2,"name":"SOBRE NOSALTRES"}]},{"@type":"WebSite","@id":"https:\/\/ptobella.santcugatesn.com\/#website","url":"https:\/\/ptobella.santcugatesn.com\/","name":"EPICFITNESS CLUB","description":"ENTRENA M\u00c9S FORT, VIU MILLOR CADA DIA EL TEU CANVI COMEN\u00c7A AQU\u00cd!","publisher":{"@id":"https:\/\/ptobella.santcugatesn.com\/#organization"},"potentialAction":[{"@type":"SearchAction","target":{"@type":"EntryPoint","urlTemplate":"https:\/\/ptobella.santcugatesn.com\/?s={search_term_string}"},"query-input":{"@type":"PropertyValueSpecification","valueRequired":true,"valueName":"search_term_string"}}],"inLanguage":"en-US"},{"@type":"Organization","@id":"https:\/\/ptobella.santcugatesn.com\/#organization","name":"EPICFITNESS CLUB","url":"https:\/\/ptobella.santcugatesn.com\/","logo":{"@type":"ImageObject","inLanguage":"en-US","@id":"https:\/\/ptobella.santcugatesn.com\/#\/schema\/logo\/image\/","url":"https:\/\/ptobella.santcugatesn.com\/wp-content\/uploads\/2026\/04\/cropped-cropped-logo-EPICFITNESS-CLUB.png","contentUrl":"https:\/\/ptobella.santcugatesn.com\/wp-content\/uploads\/2026\/04\/cropped-cropped-logo-EPICFITNESS-CLUB.png","width":512,"height":446,"caption":"EPICFITNESS CLUB"},"image":{"@id":"https:\/\/ptobella.santcugatesn.com\/#\/schema\/logo\/image\/"}}]}},"_links":{"self":[{"href":"https:\/\/ptobella.santcugatesn.com\/index.php?rest_route=\/wp\/v2\/pages\/39","targetHints":{"allow":["GET"]}}],"collection":[{"href":"https:\/\/ptobella.santcugatesn.com\/index.php?rest_route=\/wp\/v2\/pages"}],"about":[{"href":"https:\/\/ptobella.santcugatesn.com\/index.php?rest_route=\/wp\/v2\/types\/page"}],"author":[{"embeddable":true,"href":"https:\/\/ptobella.santcugatesn.com\/index.php?rest_route=\/wp\/v2\/users\/1"}],"replies":[{"embeddable":true,"href":"https:\/\/ptobella.santcugatesn.com\/index.php?rest_route=%2Fwp%2Fv2%2Fcomments&post=39"}],"version-history":[{"count":11,"href":"https:\/\/ptobella.santcugatesn.com\/index.php?rest_route=\/wp\/v2\/pages\/39\/revisions"}],"predecessor-version":[{"id":124,"href":"https:\/\/ptobella.santcugatesn.com\/index.php?rest_route=\/wp\/v2\/pages\/39\/revisions\/124"}],"wp:attachment":[{"href":"https:\/\/ptobella.santcugatesn.com\/index.php?rest_route=%2Fwp%2Fv2%2Fmedia&parent=39"}],"curies":[{"name":"wp","href":"https:\/\/api.w.org\/{rel}","templated":true}]}}